{"id":933,"date":"2018-04-19T14:43:15","date_gmt":"2018-04-19T12:43:15","guid":{"rendered":"https:\/\/old.planetayurveda.lv\/?page_id=933"},"modified":"2021-01-08T18:24:58","modified_gmt":"2021-01-08T16:24:58","slug":"delivery","status":"publish","type":"page","link":"https:\/\/old.planetayurveda.lv\/pl\/delivery\/","title":{"rendered":"Wysy\u0142ka"},"content":{"rendered":"<p>Staramy si\u0119 oferowa\u0107 wszystkie produkty z korzystn\u0105 dostaw\u0105 poczt\u0105, kurierem lub za po\u015brednictwem firmy pakuj\u0105cej bezpo\u015brednio do domu lub pracy.<\/p>\n<h2 style=\"text-align: center;\"><\/h2>\n<h2 style=\"text-align: center;\"><strong>UWAGA! Kupuj\u0105cy z Polski &#8211; DARMOWA DOSTAWA przy zam\u00f3wieniach powy\u017cej 80 euro.<\/strong><\/h2>\n<h3><span style=\"color: #008000;\">Mo\u017cesz \u015bledzi\u0107 sw\u00f3j pakiet na stronie Poczty Polskiej:<\/span><\/h3>\n<p><img loading=\"lazy\" class=\"alignleft size-full wp-image-1267\" src=\"https:\/\/old.planetayurveda.lv\/wp-content\/uploads\/2018\/11\/Poczta-Polska-logo.png\" alt=\"\" width=\"234\" height=\"45\" \/><\/p>\n<h3><span style=\"color: #008000;\"> <a style=\"color: #008000;\" href=\"https:\/\/emonitoring.poczta-polska.pl\/\" target=\"_blank\" rel=\"noopener noreferrer\">https:\/\/emonitoring.poczta-polska.pl\/<\/a><\/span><\/h3>\n<h5 style=\"text-align: center;\">Gwarantujemy najlepsz\u0105 dostaw\u0119 do dowolnego miejsca na naszej planecie, ale mo\u017ce to zaj\u0105\u0107 troch\u0119 czasu, aby to obliczy\u0107.<\/h5>\n<p><\/p>","protected":false},"excerpt":{"rendered":"<p>Staramy si\u0119 oferowa\u0107 wszystkie produkty z korzystn\u0105 dostaw\u0105 poczt\u0105, kurierem lub za po\u015brednictwem firmy pakuj\u0105cej bezpo\u015brednio do domu lub pracy. UWAGA! Kupuj\u0105cy z Polski &#8211; DARMOWA DOSTAWA przy zam\u00f3wieniach powy\u017cej 80 euro. Mo\u017cesz \u015bledzi\u0107 sw\u00f3j pakiet na stronie Poczty Polskiej: https:\/\/emonitoring.poczta-polska.pl\/ Gwarantujemy najlepsz\u0105 dostaw\u0119 do dowolnego miejsca na naszej planecie, ale mo\u017ce to zaj\u0105\u0107 troch\u0119 <a href=\"https:\/\/old.planetayurveda.lv\/pl\/delivery\/\" class=\"read-more inline\">Read More<\/a><\/p>\n","protected":false},"author":1,"featured_media":0,"parent":0,"menu_order":0,"comment_status":"closed","ping_status":"closed","template":"template-left-sidebar.php","meta":[],"_links":{"self":[{"href":"https:\/\/old.planetayurveda.lv\/pl\/wp-json\/wp\/v2\/pages\/933"}],"collection":[{"href":"https:\/\/old.planetayurveda.lv\/pl\/wp-json\/wp\/v2\/pages"}],"about":[{"href":"https:\/\/old.planetayurveda.lv\/pl\/wp-json\/wp\/v2\/types\/page"}],"author":[{"embeddable":true,"href":"https:\/\/old.planetayurveda.lv\/pl\/wp-json\/wp\/v2\/users\/1"}],"replies":[{"embeddable":true,"href":"https:\/\/old.planetayurveda.lv\/pl\/wp-json\/wp\/v2\/comments?post=933"}],"version-history":[{"count":23,"href":"https:\/\/old.planetayurveda.lv\/pl\/wp-json\/wp\/v2\/pages\/933\/revisions"}],"predecessor-version":[{"id":15257,"href":"https:\/\/old.planetayurveda.lv\/pl\/wp-json\/wp\/v2\/pages\/933\/revisions\/15257"}],"wp:attachment":[{"href":"https:\/\/old.planetayurveda.lv\/pl\/wp-json\/wp\/v2\/media?parent=933"}],"curies":[{"name":"wp","href":"https:\/\/api.w.org\/{rel}","templated":true}]}}