{"id":490,"date":"2017-03-24T06:46:08","date_gmt":"2017-03-24T06:46:08","guid":{"rendered":"https:\/\/old.planetayurveda.lv\/?page_id=490"},"modified":"2020-04-05T08:12:12","modified_gmt":"2020-04-05T06:12:12","slug":"kur-pirkt","status":"publish","type":"page","link":"https:\/\/old.planetayurveda.lv\/ru\/kur-pirkt\/","title":{"rendered":"\u0413\u0434\u0435 \u043a\u0443\u043f\u0438\u0442\u044c"},"content":{"rendered":"<p><\/p>\n<h3><span style=\"text-decoration: underline;\"><em>\u0412 \u0438\u043d\u0442\u0435\u0440\u043d\u0435\u0442\u0435<\/em>:\u00a0<\/span><\/h3>\n<h2><strong><a href=\"https:\/\/old.planetayurveda.lv\/lv\/shop\/\">www.PlanetAyurveda.lv<\/a><\/strong><\/h2>\n<div><\/div>\n<h3><span style=\"text-decoration: underline;\"><em>\u00a0\u0410\u043f\u0442\u0435\u043a\u0438:\u00a0<\/em><\/span><\/h3>\n<ul>\n<li>\n<h2><strong>Aptieka, Gastronomijas paviljons, <\/strong>Centr\u0101ltirgus iela 3k-2, R\u012bga. Kosu aptieka.<\/h2>\n<\/li>\n<li>\n<h3><a href=\"https:\/\/www.spikeri.lv\/iemitnieki\/zobarstnieciba-laurus-dent-plus\/\" target=\"_blank\" rel=\"noopener noreferrer\"><strong>Laurus Dent Plus (ZOBARSTNIEC\u012aBA)<\/strong>,\u00a0Maskavas iela 12\/1, R\u012bga.<\/a>\u00a0T\u0101lr. 67224064<\/h3>\n<\/li>\n<li>\n<h3>Lauru-n aptieka &#8212; Rai\u0146a iela 110, J\u016brmala, (Kauguri)<\/h3>\n<\/li>\n<li>\n<h3>Lauru-n aptieka &#8212; Nomet\u0146u iela 10-9, J\u016brmala (Kauguri)<\/h3>\n<\/li>\n<li>\n<h3>Homeop\u0101tisk\u0101 aptieka &#8212; L\u0101\u010dpl\u0113\u0161a iela 7, R\u012bga. T\u0101lr. 67 240 095<\/h3>\n<\/li>\n<\/ul>\n<div><\/div>\n<h3><span style=\"text-decoration: underline;\"><em>\u041c\u0430\u0433\u0430\u0437\u0438\u043d\u044b<\/em><\/span>:<\/h3>\n<div>\n<h3>\u00b7 Veikals <strong>&#171;Herbals.lv&#187;<\/strong>, R\u012bga, P\u0113rses 16. T\u0101lr. 286-688-54. <a href=\"http:\/\/www.herbals.lv\/lv\/search?find=planet+ayurveda\" target=\"_blank\" rel=\"noopener noreferrer\">www.Herbals.lv<\/a><\/h3>\n<\/div>\n<div><\/div>\n<div><\/div>\n<h3>\u00b7 Veikals <strong>&#171;<\/strong><strong>\u0100jurv\u0113da<\/strong><strong>&#171;<\/strong>, R\u012bga, \u0122ertr\u016bdes iela 5. T\u0101lr. 67 273 403<\/h3>\n<h3><\/h3>\n<h3>\u00b7 Jogas pre\u010du veikals <strong>&#171;Rudra&#187;<\/strong>, Skolas iela 31., R\u012bga, <a href=\"http:\/\/www.rudra.lv\/lv\/c\/166-uztura-bagatinataji\/p\/2165-kantika-drazejas-kaklam-70\" target=\"_blank\" rel=\"noopener noreferrer\">www.rudra.lv<\/a><\/h3>\n<p>&nbsp;<\/p>\n<h3>\u00b7 Eco veikals <strong>&#171;Lavandas&#187;<\/strong>, <strong>R\u012bga<\/strong>, Elizabetes iela 25., R\u012bga, <a href=\"http:\/\/www.lavandas.lv\/veselibai\/ajurveda?manufacturer=478\" target=\"_blank\" rel=\"noopener noreferrer\">www.lavandas.lv<\/a><\/h3>\n<p>&nbsp;<\/p>\n<h3>\u00b7 Online shop <strong>&#171;Pirkumi\u0146\u0161&#187;<\/strong>, <strong>R\u012bga<\/strong>, Republikas laukums 3-15,\u00a0 <a href=\"https:\/\/pirkumins.com\/lv\/uztura-bagatinataji-un-vitamini\/filter\/19468-10:current_price.1.26\" target=\"_blank\" rel=\"noopener noreferrer\">www.pirkumins.com<\/a><\/h3>\n<p>&nbsp;<\/p>\n<h3>\u00b7 Veikals <strong>&#171;Hanum\u0101ns&#187;<\/strong>, R\u012bga, Kr.Barona 56. T\u0101lr. 67 274 142<\/h3>\n<p>&nbsp;<\/p>\n<h3>\u00b7 E-aptieka\u00a0<a href=\"http:\/\/aptieka.ros.lv\/products\/brend\/Tovary_Ayurvedy-77\/?lang=lv\" target=\"_blank\" rel=\"noopener noreferrer\"><strong>&#171;ROS&#187;<\/strong><\/a>, Kr. Valdem\u0101ra iel\u0101 36,\u00a0<strong>R\u012bga<\/strong>. T\u0101lr. 67566912. <a href=\"http:\/\/aptieka.ros.lv\/products\/brend\/Tovary_Ayurvedy-77\/?lang=lv\" target=\"_blank\" rel=\"noopener noreferrer\">www.aptieka.ros.lv<\/a><\/h3>\n<p>&nbsp;<\/p>\n<h3>\u00b7 Medic\u012bnas pre\u010du veikals <strong>\u00abVitamed\u00bb<\/strong>, Ernesta Birznieka-Up\u012b\u0161a iela 29 R\u012bga, T\u0101lr. 20510000. <a href=\"http:\/\/www.vitamed.lv\" target=\"_blank\" rel=\"noopener noreferrer\">www.vitamed.lv<\/a><\/h3>\n<p>&nbsp;<\/p>\n<h1 style=\"text-align: center;\"><strong>Latgale:<\/strong><\/h1>\n<p>&nbsp;<\/p>\n<h3>\u00b7 Vesel\u012bbas veikals <strong>&#171;DL Laima&#187;<\/strong>, R\u012bgas iela 48, <strong>Daugavpils<\/strong>. T\u0101lr. 29192321.<\/h3>\n<p>&nbsp;<\/p>\n<h3>\u00b7 Veikals <strong>&#171;Za\u013cais&#187;<\/strong>, <strong>R\u0113zekne<\/strong>, Atbr\u012bvo\u0161anas aleja 95c. T\u0101lr. 29999279. <a href=\"https:\/\/www.facebook.com\/zalaisveikals\" target=\"_blank\" rel=\"noopener noreferrer\">Facebook: ZalaisVeikals<\/a>.<\/h3>\n<p>&nbsp;<\/p>\n<h1 style=\"text-align: center;\"><strong>Zemgale:<\/strong><\/h1>\n<p>&nbsp;<\/p>\n<h3>\u00b7 Salons <strong>&#171;\u0100jurv\u0113da Tev&#187;<\/strong>, Rai\u0146a iela 14, <strong>Jelgava<\/strong>. T\u0101lr. 26576035.<\/h3>\n<h3><\/h3>\n<p>&nbsp;<\/p>\n<h3><span style=\"text-decoration: underline;\"><em><strong>\u0410\u043f\u0442\u0435\u043a\u0438:<\/strong><\/em><\/span><\/h3>\n<ul>\n<li>\n<h3>Lauru-n aptieka &#8212; Rai\u0146a iela 110, J\u016brmala, (Kauguri)<\/h3>\n<\/li>\n<li>\n<h3>Lauru-n aptieka &#8212; Nomet\u0146u iela 10-9, J\u016brmala (Kauguri)<\/h3>\n<\/li>\n<\/ul>\n<div><\/div>\n<h3><span style=\"text-decoration: underline;\"><em>\u041f\u0430\u0440\u0442\u043d\u0435\u0440\u044b<\/em><\/span>:<\/h3>\n<h3>\u00b7 &#171;<strong>KRC &#171;Jaun\u0137emeri<\/strong>&#187; \u2013 k\u016brorta rehabilit\u0101cijas centrs \u201eJaun\u0137emeri\u201d, Kolkas iela 20, J\u016brmal\u0101.<\/h3>\n<h3>T\u0101lr. 67733545. <a href=\"http:\/\/jaunkemeri.lv\/lv\/%C4%81jurv%C4%93da\" target=\"_blank\" rel=\"noopener noreferrer\">www.jaunkemeri.lv<\/a><\/h3>\n<p>&nbsp;<\/p>\n<h3>\u00b7 &#171;<strong>Triguna<\/strong>&#187; \u2013 \u0100jurv\u0113das un Jogas vesel\u012bbas centrs, R\u012bg\u0101, \u0160amp\u0113tera iela 63.<\/h3>\n<h3>T\u0101lr. 29141111. <a href=\"http:\/\/triguna.lv\/ru\" target=\"_blank\" rel=\"noopener noreferrer\">www.triguna.lv<\/a><\/h3>\n<p>&nbsp;<\/p>\n<h3>\u00b7 \u0100rstu prakse <strong>&#171;Aparmita plus&#187;<\/strong>. \u00a0F.Sadov\u0146ikova iela 20, R\u012bga. A ieeja, 4.st\u0101vs.<\/h3>\n<h3>T\u0101lr.: 26133715. <a href=\"http:\/\/aparmita.lv\/index.php?&amp;193\" target=\"_blank\" rel=\"noopener noreferrer\">www.aparmita.lv<\/a><\/h3>\n<p>&nbsp;<\/p>","protected":false},"excerpt":{"rendered":"<p>\u0412 \u0438\u043d\u0442\u0435\u0440\u043d\u0435\u0442\u0435:\u00a0 www.PlanetAyurveda.lv \u00a0\u0410\u043f\u0442\u0435\u043a\u0438:\u00a0 Aptieka, Gastronomijas paviljons, Centr\u0101ltirgus iela 3k-2, R\u012bga. Kosu aptieka. Laurus Dent Plus (ZOBARSTNIEC\u012aBA),\u00a0Maskavas iela 12\/1, R\u012bga.\u00a0T\u0101lr. 67224064 Lauru-n aptieka &#8212; Rai\u0146a iela 110, J\u016brmala, (Kauguri) Lauru-n aptieka &#8212; Nomet\u0146u iela 10-9, J\u016brmala (Kauguri) Homeop\u0101tisk\u0101 aptieka &#8212; L\u0101\u010dpl\u0113\u0161a iela 7, R\u012bga. T\u0101lr. 67 240 095 \u041c\u0430\u0433\u0430\u0437\u0438\u043d\u044b: \u00b7 Veikals &#171;Herbals.lv&#187;, R\u012bga, P\u0113rses 16. <a href=\"https:\/\/old.planetayurveda.lv\/ru\/kur-pirkt\/\" class=\"read-more inline\">\u0427\u0438\u0442\u0430\u0439\u0442\u0435 \u0434\u0430\u043b\u0435\u0435<\/a><\/p>\n","protected":false},"author":1,"featured_media":0,"parent":0,"menu_order":0,"comment_status":"closed","ping_status":"closed","template":"","meta":[],"_links":{"self":[{"href":"https:\/\/old.planetayurveda.lv\/ru\/wp-json\/wp\/v2\/pages\/490"}],"collection":[{"href":"https:\/\/old.planetayurveda.lv\/ru\/wp-json\/wp\/v2\/pages"}],"about":[{"href":"https:\/\/old.planetayurveda.lv\/ru\/wp-json\/wp\/v2\/types\/page"}],"author":[{"embeddable":true,"href":"https:\/\/old.planetayurveda.lv\/ru\/wp-json\/wp\/v2\/users\/1"}],"replies":[{"embeddable":true,"href":"https:\/\/old.planetayurveda.lv\/ru\/wp-json\/wp\/v2\/comments?post=490"}],"version-history":[{"count":36,"href":"https:\/\/old.planetayurveda.lv\/ru\/wp-json\/wp\/v2\/pages\/490\/revisions"}],"predecessor-version":[{"id":8929,"href":"https:\/\/old.planetayurveda.lv\/ru\/wp-json\/wp\/v2\/pages\/490\/revisions\/8929"}],"wp:attachment":[{"href":"https:\/\/old.planetayurveda.lv\/ru\/wp-json\/wp\/v2\/media?parent=490"}],"curies":[{"name":"wp","href":"https:\/\/api.w.org\/{rel}","templated":true}]}}